{"id":16090,"date":"2025-03-18T05:12:24","date_gmt":"2025-03-18T05:12:24","guid":{"rendered":"http:\/\/localhost\/consalt\/?page_id=3"},"modified":"2026-02-24T22:16:03","modified_gmt":"2026-02-24T21:16:03","slug":"impressum","status":"publish","type":"page","link":"https:\/\/kanzlei-schueler.de\/en\/impressum\/","title":{"rendered":"<center>Legal notice<\/center>"},"content":{"rendered":"<div data-elementor-type=\"wp-page\" data-elementor-id=\"16090\" class=\"elementor elementor-16090\">\n\t\t\t\t<div class=\"elementor-element elementor-element-6020b95b e-flex e-con-boxed e-con e-parent\" data-id=\"6020b95b\" data-element_type=\"container\" data-e-type=\"container\">\n\t\t\t\t\t<div class=\"e-con-inner\">\n\t\t\t\t<div class=\"elementor-element elementor-element-25b45b45 elementor-widget elementor-widget-text-editor\" data-id=\"25b45b45\" data-element_type=\"widget\" data-e-type=\"widget\" data-widget_type=\"text-editor.default\">\n\t\t\t\t\t\t\t\t\t\n<div class=\"section-title-wrapper margin-bottom-40 text-center shortcode-rand-4 counsell-inline-css\">\n<div class=\"title-wrap\"><span class=\"sub-title\">Information according to \u00a7 5 TMG<\/span>\n<h2 class=\"section-title wp-block-heading\">Legal notice<\/h2>\n<\/div>\n<div class=\"section-description\">Verena Sch\u00fcler<br \/>Lawyer \u00b7 Specialist lawyer for tax law \u00b7 Specialist lawyer for medical law<br \/>Magistra Rerum Fiscalium \u00b7 Master of Laws \u00b7 Master of Advanced Studies (International Tax Law)<br \/><br \/><\/div>\n<\/div>\n<div class=\"wpb_text_column wpb_content_element\">\n<div class=\"wpb_wrapper\">\n<h4><b>Company information<br \/><br \/><\/b><\/h4>\n<p>headquarters<br \/>Tax office and law firm Sch\u00fcler<br \/>Waterway 2, 64521 Gro\u00df-Gerau<\/p>\n<h4><b>Contact us<\/b><\/h4>\n<center>\n<p>Telephone: 0 61 52 \u2013 806 8312<br \/><a class=\"cm_anchor\" href=\"mailto:info@kanzlei-schueler.de\">info@kanzlei-schueler.de<\/a><\/p>\n<p>Branch:<br \/>At the Market Church 10<br \/>99947 Bad Langensalza<br \/>Telephone: 0 36 03 \u2013 81 39 13<br \/>Fax: 0 36 03 \u2013 84 53 83<br \/><a class=\"cm_anchor\" href=\"mailto:info@kanzlei-schueler.de\">info@kanzlei-schueler.de<\/a><\/p>\n<h4><b>VAT ID<\/b><\/h4>\n<p>DE215936852<\/p>\n<h4><b>Responsible for editorial content according to \u00a7 55 para. 2 RStV<\/b><\/h4>\n<p>Verena Sch\u00fcler<br \/>Sources for the images and graphics used:<br \/>pixabay.com<\/p>\n<h4><b>Technical implementation and support<br \/><\/b><\/h4>\n<p>Provided by Kangaroo-IT (Lukas Jozefaciuk) | (<a href=\"https:\/\/www.Kangaroo-it.de\">Kangaroo IT<\/a>)<br \/><br \/><\/p>\n<p>Competent supervisory authority:<br \/>Frankfurt Bar Association<br \/><a class=\"cm_anchor\" href=\"http:\/\/www.rechtsanwaltskammer-ffm.de\/\" target=\"_blank\" rel=\"noreferrer noopener\">www.rechtsanwaltskammer-ffm.de<\/a><br \/><br \/>EU Commission&#039;s online dispute resolution platform:<\/p>\n<p data-prosemirror-content-type=\"node\" data-prosemirror-node-name=\"paragraph\" data-prosemirror-node-block=\"true\"><span class=\"inlineCardView-content-wrap inlineNodeView\" data-prosemirror-content-type=\"node\" data-prosemirror-node-name=\"inlineCard\" data-prosemirror-node-inline=\"true\"><span class=\"card\" aria-busy=\"true\"><a href=\"http:\/\/ec.europa.eu\/consumers\/odr\/\" data-inline-card=\"\" data-card-data=\"\">http:\/\/ec.europa.eu\/consumers\/odr\/<\/a><\/span><\/span><\/p>\n<p data-prosemirror-content-type=\"node\" data-prosemirror-node-name=\"paragraph\" data-prosemirror-node-block=\"true\"><strong data-prosemirror-content-type=\"mark\" data-prosemirror-mark-name=\"strong\">Information pursuant to the Consumer Dispute Resolution Act: There is no obligation or willingness to participate in dispute resolution proceedings before a consumer arbitration board.<\/strong><br \/><br \/>The professional title of lawyer was acquired in the Federal Republic of Germany (state: Hesse).<br \/><br \/>The legal profession is essentially subject to the following legal regulations:<\/p>\n<ul>\n<li>Federal Lawyers&#039; Act (BRAO)<\/li>\n<li>Federal Lawyers&#039; Fees Ordinance (BRAGO)<\/li>\n<li>Law on the remuneration of lawyers (Lawyers&#039; Fees Act \u2013 RVG)<\/li>\n<li>Professional Code of Conduct for Lawyers (BORA)<\/li>\n<\/ul>\n<p>The professional regulations can also be found on the website of the German Federal Bar Association. <br \/>(<a class=\"cm_anchor\" href=\"http:\/\/www.brak.de\/fuer-anwaelte\/berufsrecht\/\" target=\"_blank\" rel=\"noreferrer noopener\">http:\/\/www.brak.de\/fuer-anwaelte\/berufsrecht\/<\/a>).\u00a0\u00a0<\/p>\n<p>Professional liability insurance:<br \/>Gothaer Allgemeine Versicherung AG<br \/>Gothaer Allee 1<br \/>50969 Cologne<\/p>\n<p>Scope of insurance coverage: Germany and Europe<\/p>\n<\/center><\/div>\n<\/div>\t\t\t\t\t\t\t\t<\/div>\n\t\t\t\t\t<\/div>\n\t\t\t\t<\/div>\n\t\t\t\t<\/div>","protected":false},"excerpt":{"rendered":"<p>Angaben gem. \u00a7 5 TMG Impressum Verena Sch\u00fclerRechtsanw\u00e4ltin \u00b7 Fachanw\u00e4ltin f\u00fcr Steuerrecht\u00a0 \u00b7 Fachanw\u00e4ltin f\u00fcr MedizinrechtMagistra Rerum Fiscalium \u00b7\u00a0Master of Laws\u00a0\u00b7 Master of\u00a0Advanced Studies\u00a0(International Tax Law) Angaben zum Unternehmen HauptsitzSteuerb\u00fcro und Anwaltskanzlei Sch\u00fclerWasserweg 2, 64521 Gro\u00df-Gerau Kontakt Telefon: 0 61\u00a052 &#8211; 806 8312info@kanzlei-schueler.de Zweigstelle:Bei der Marktkirche 1099947 Bad LangensalzaTelefon: 0 36 03 &#8211; 81 39 [&hellip;]<\/p>\n","protected":false},"author":1,"featured_media":0,"parent":0,"menu_order":0,"comment_status":"closed","ping_status":"closed","template":"","meta":{"footnotes":""},"class_list":["post-16090","page","type-page","status-publish","hentry"],"yoast_head":"<!-- This site is optimized with the Yoast SEO plugin v27.3 - https:\/\/yoast.com\/product\/yoast-seo-wordpress\/ -->\n<title>Impressum - Kanzlei Sch\u00fcler in Gro\u00df-Gerau | Startseite Impressum Steuerkanzlei Sch\u00fcler<\/title>\n<meta name=\"description\" content=\"Rechtliche Informationen, Anbieterkennzeichnung und Pflichtangaben der Steuerkanzlei Sch\u00fcler gem\u00e4\u00df gesetzlichen Vorgaben.\" \/>\n<meta name=\"robots\" content=\"index, follow, max-snippet:-1, max-image-preview:large, max-video-preview:-1\" \/>\n<link rel=\"canonical\" href=\"https:\/\/kanzlei-schueler.de\/en\/impressum\/\" \/>\n<meta property=\"og:locale\" content=\"en_GB\" \/>\n<meta property=\"og:type\" content=\"article\" \/>\n<meta property=\"og:title\" content=\"Impressum - Kanzlei Sch\u00fcler in Gro\u00df-Gerau | Startseite Impressum Steuerkanzlei Sch\u00fcler\" \/>\n<meta property=\"og:description\" content=\"Rechtliche Informationen, Anbieterkennzeichnung und Pflichtangaben der Steuerkanzlei Sch\u00fcler gem\u00e4\u00df gesetzlichen Vorgaben.\" \/>\n<meta property=\"og:url\" content=\"https:\/\/kanzlei-schueler.de\/en\/impressum\/\" \/>\n<meta property=\"og:site_name\" content=\"Kanzlei Sch\u00fcler in Gro\u00df-Gerau | Startseite\" \/>\n<meta property=\"article:modified_time\" content=\"2026-02-24T21:16:03+00:00\" \/>\n<meta name=\"twitter:card\" content=\"summary_large_image\" \/>\n<meta name=\"twitter:label1\" content=\"Estimated reading time\" \/>\n\t<meta name=\"twitter:data1\" content=\"2 minutes\" \/>\n<script type=\"application\/ld+json\" class=\"yoast-schema-graph\">{\"@context\":\"https:\\\/\\\/schema.org\",\"@graph\":[{\"@type\":\"WebPage\",\"@id\":\"https:\\\/\\\/kanzlei-schueler.de\\\/de_de\\\/impressum\\\/\",\"url\":\"https:\\\/\\\/kanzlei-schueler.de\\\/de_de\\\/impressum\\\/\",\"name\":\"Impressum - Kanzlei Sch\u00fcler in Gro\u00df-Gerau | Startseite Impressum Steuerkanzlei Sch\u00fcler\",\"isPartOf\":{\"@id\":\"https:\\\/\\\/kanzlei-schueler.de\\\/de_de\\\/#website\"},\"datePublished\":\"2025-03-18T05:12:24+00:00\",\"dateModified\":\"2026-02-24T21:16:03+00:00\",\"description\":\"Rechtliche Informationen, Anbieterkennzeichnung und Pflichtangaben der Steuerkanzlei Sch\u00fcler gem\u00e4\u00df gesetzlichen Vorgaben.\",\"breadcrumb\":{\"@id\":\"https:\\\/\\\/kanzlei-schueler.de\\\/de_de\\\/impressum\\\/#breadcrumb\"},\"inLanguage\":\"en-GB\",\"potentialAction\":[{\"@type\":\"ReadAction\",\"target\":[\"https:\\\/\\\/kanzlei-schueler.de\\\/de_de\\\/impressum\\\/\"]}]},{\"@type\":\"BreadcrumbList\",\"@id\":\"https:\\\/\\\/kanzlei-schueler.de\\\/de_de\\\/impressum\\\/#breadcrumb\",\"itemListElement\":[{\"@type\":\"ListItem\",\"position\":1,\"name\":\"Start\",\"item\":\"https:\\\/\\\/kanzlei-schueler.de\\\/de_de\\\/\"},{\"@type\":\"ListItem\",\"position\":2,\"name\":\"Impressum\"}]},{\"@type\":\"WebSite\",\"@id\":\"https:\\\/\\\/kanzlei-schueler.de\\\/de_de\\\/#website\",\"url\":\"https:\\\/\\\/kanzlei-schueler.de\\\/de_de\\\/\",\"name\":\"Kanzlei Sch\u00fcler in Gro\u00df-Gerau | Startseite\",\"description\":\"\",\"potentialAction\":[{\"@type\":\"SearchAction\",\"target\":{\"@type\":\"EntryPoint\",\"urlTemplate\":\"https:\\\/\\\/kanzlei-schueler.de\\\/de_de\\\/?s={search_term_string}\"},\"query-input\":{\"@type\":\"PropertyValueSpecification\",\"valueRequired\":true,\"valueName\":\"search_term_string\"}}],\"inLanguage\":\"en-GB\"}]}<\/script>\n<!-- \/ Yoast SEO plugin. -->","yoast_head_json":{"title":"Impressum - Kanzlei Sch\u00fcler in Gro\u00df-Gerau | Startseite Impressum Steuerkanzlei Sch\u00fcler","description":"Rechtliche Informationen, Anbieterkennzeichnung und Pflichtangaben der Steuerkanzlei Sch\u00fcler gem\u00e4\u00df gesetzlichen Vorgaben.","robots":{"index":"index","follow":"follow","max-snippet":"max-snippet:-1","max-image-preview":"max-image-preview:large","max-video-preview":"max-video-preview:-1"},"canonical":"https:\/\/kanzlei-schueler.de\/en\/impressum\/","og_locale":"en_GB","og_type":"article","og_title":"Impressum - Kanzlei Sch\u00fcler in Gro\u00df-Gerau | Startseite Impressum Steuerkanzlei Sch\u00fcler","og_description":"Rechtliche Informationen, Anbieterkennzeichnung und Pflichtangaben der Steuerkanzlei Sch\u00fcler gem\u00e4\u00df gesetzlichen Vorgaben.","og_url":"https:\/\/kanzlei-schueler.de\/en\/impressum\/","og_site_name":"Kanzlei Sch\u00fcler in Gro\u00df-Gerau | Startseite","article_modified_time":"2026-02-24T21:16:03+00:00","twitter_card":"summary_large_image","twitter_misc":{"Estimated reading time":"2 minutes"},"schema":{"@context":"https:\/\/schema.org","@graph":[{"@type":"WebPage","@id":"https:\/\/kanzlei-schueler.de\/de_de\/impressum\/","url":"https:\/\/kanzlei-schueler.de\/de_de\/impressum\/","name":"Impressum - Kanzlei Sch\u00fcler in Gro\u00df-Gerau | Startseite Impressum Steuerkanzlei Sch\u00fcler","isPartOf":{"@id":"https:\/\/kanzlei-schueler.de\/de_de\/#website"},"datePublished":"2025-03-18T05:12:24+00:00","dateModified":"2026-02-24T21:16:03+00:00","description":"Rechtliche Informationen, Anbieterkennzeichnung und Pflichtangaben der Steuerkanzlei Sch\u00fcler gem\u00e4\u00df gesetzlichen Vorgaben.","breadcrumb":{"@id":"https:\/\/kanzlei-schueler.de\/de_de\/impressum\/#breadcrumb"},"inLanguage":"en-GB","potentialAction":[{"@type":"ReadAction","target":["https:\/\/kanzlei-schueler.de\/de_de\/impressum\/"]}]},{"@type":"BreadcrumbList","@id":"https:\/\/kanzlei-schueler.de\/de_de\/impressum\/#breadcrumb","itemListElement":[{"@type":"ListItem","position":1,"name":"Start","item":"https:\/\/kanzlei-schueler.de\/de_de\/"},{"@type":"ListItem","position":2,"name":"Impressum"}]},{"@type":"WebSite","@id":"https:\/\/kanzlei-schueler.de\/de_de\/#website","url":"https:\/\/kanzlei-schueler.de\/de_de\/","name":"Law firm Sch\u00fcler in Gro\u00df-Gerau | Homepage","description":"","potentialAction":[{"@type":"SearchAction","target":{"@type":"EntryPoint","urlTemplate":"https:\/\/kanzlei-schueler.de\/de_de\/?s={search_term_string}"},"query-input":{"@type":"PropertyValueSpecification","valueRequired":true,"valueName":"search_term_string"}}],"inLanguage":"en-GB"}]}},"_links":{"self":[{"href":"https:\/\/kanzlei-schueler.de\/en\/wp-json\/wp\/v2\/pages\/16090","targetHints":{"allow":["GET"]}}],"collection":[{"href":"https:\/\/kanzlei-schueler.de\/en\/wp-json\/wp\/v2\/pages"}],"about":[{"href":"https:\/\/kanzlei-schueler.de\/en\/wp-json\/wp\/v2\/types\/page"}],"author":[{"embeddable":true,"href":"https:\/\/kanzlei-schueler.de\/en\/wp-json\/wp\/v2\/users\/1"}],"replies":[{"embeddable":true,"href":"https:\/\/kanzlei-schueler.de\/en\/wp-json\/wp\/v2\/comments?post=16090"}],"version-history":[{"count":0,"href":"https:\/\/kanzlei-schueler.de\/en\/wp-json\/wp\/v2\/pages\/16090\/revisions"}],"wp:attachment":[{"href":"https:\/\/kanzlei-schueler.de\/en\/wp-json\/wp\/v2\/media?parent=16090"}],"curies":[{"name":"wp","href":"https:\/\/api.w.org\/{rel}","templated":true}]}}