{"id":422,"date":"2020-06-10T18:10:31","date_gmt":"2020-06-10T18:10:31","guid":{"rendered":"https:\/\/demo.themexbd.com\/wpt\/devien\/blog"},"modified":"2026-02-15T04:22:12","modified_gmt":"2026-02-15T03:22:12","slug":"infothek","status":"publish","type":"page","link":"https:\/\/kanzlei-schueler.de\/de_de\/infothek\/","title":{"rendered":"Infothek"},"content":{"rendered":"\t\t<div data-elementor-type=\"wp-page\" data-elementor-id=\"422\" class=\"elementor elementor-422\">\n\t\t\t\t\t\t<section class=\"elementor-section elementor-top-section elementor-element elementor-element-e7afef5 elementor-section-boxed elementor-section-height-default elementor-section-height-default\" data-id=\"e7afef5\" data-element_type=\"section\" data-e-type=\"section\">\n\t\t\t\t\t\t<div class=\"elementor-container elementor-column-gap-default\">\n\t\t\t\t\t<div class=\"elementor-column elementor-col-100 elementor-top-column elementor-element elementor-element-491ac54\" data-id=\"491ac54\" data-element_type=\"column\" data-e-type=\"column\">\n\t\t\t<div class=\"elementor-widget-wrap elementor-element-populated\">\n\t\t\t\t\t\t<div class=\"elementor-element elementor-element-b819882 consalt-star-rating--align-center elementor-widget elementor-widget-witr_section_title\" data-id=\"b819882\" data-element_type=\"widget\" data-e-type=\"widget\" data-widget_type=\"witr_section_title.default\">\n\t\t\t\t<div class=\"elementor-widget-container\">\n\t\t\t\t\t\t\t\t\t\t<!-- title center -->\n\t\t\t\t\t<div class=\"witr_section_title\">\n\t\t\t\t\t\t<div class=\"witr_section_title_inner text-center\">\n\n\t\t\t\t\t\t\t<!-- icon position -->\n\t\t\t\t\t\t\t\t\t\t\t\t\t\t\n\t\t\t\t\t\t\t<!-- image -->\n\t\t\t\t\t\t\t\t\t\t\t\t\t\t<!-- icon -->\n\t\t\t\t\t\t\t\t\t\t\t\t\t\t\n\t\t\t\t\t\t\t<!-- bar -->\n\t\t\t\t\t\t\t\t\t\t\t\t\t\t<!-- circle bar -->\n\t\t\t\t\t\t\t\t\t\t\t\t\t\t\n\t\t\t\t\t\t\t\n\t\t\t\t\t\t\t\t\n\t\t\t\t\t\t\t<!-- end icon position -->\n\t\t\t\t\t\t\t\n\t\t\t\t\t\t\n\t\t\t\t\t\t\t<!-- title top -->\n\t\t\t\t\t\t\t\t\t\t\t\t\t\t\t<h2>Our Blog & Event<\/h2>\t\t\n\t\t\t\t\t\t\t\n\n\t\t\t\t\t\t\t<!-- icon position -->\n\t\t\t\t\t\t\t\t\n\t\t\t\t\t\t\t<!-- end icon position -->\n\n\n\t\t\t\t\t\t\t\n\t\t\t\t\t\t\t<!-- title middle -->\n\t\t\t\t\t\t\t\t\t\t\t\t\t\t\t<h3>News & Articles\n\n<\/h3>\t\t\n\t\t\t\t\t\t\t\t\t\t\t\t\t\t<!-- title bottom -->\n\t\t\t\t\t\t\t\n\t\t\t\t\t\t\t\n\t\t\t\t\t\t\t\n\t\t\t\t\t\t\t\t\n\t\t\t\t\t\t\t\n\n\t\t\t\t\t\t\t\n\t\t\t\t\t\t\t<!-- content -->\n\t\t\t\t\t\t\t\t\t\t\t\t\t\t\n\t\t\t\t\t\t<\/div>\n\t\t\t\t\t\t\t<!-- inner title -->\n\t\t\t\t\t\t\t\t\t\t\t\t\t\n\t\t\t\t\t<\/div>\n\n\t\t\t\t\t\t\t\t<\/div>\n\t\t\t\t<\/div>\n\t\t\t\t<section class=\"elementor-section elementor-inner-section elementor-element elementor-element-a92116b elementor-section-boxed elementor-section-height-default elementor-section-height-default\" data-id=\"a92116b\" data-element_type=\"section\" data-e-type=\"section\">\n\t\t\t\t\t\t<div class=\"elementor-container elementor-column-gap-default\">\n\t\t\t\t\t<div class=\"elementor-column elementor-col-100 elementor-inner-column elementor-element elementor-element-0eb8e83\" data-id=\"0eb8e83\" data-element_type=\"column\" data-e-type=\"column\">\n\t\t\t<div class=\"elementor-widget-wrap elementor-element-populated\">\n\t\t\t\t\t\t<div class=\"elementor-element elementor-element-3527bd2 elementor-widget elementor-widget-witr_blog_section\" data-id=\"3527bd2\" data-element_type=\"widget\" data-e-type=\"widget\" data-widget_type=\"witr_blog_section.default\">\n\t\t\t\t<div class=\"elementor-widget-container\">\n\t\t\t\t\t\t\t\t<!-- Blog Section -->\n\t\t\t<div class=\"witr_blog_area13 witr_blog_area14\">\n\t\t\t\t<div class=\"blog_wrap blogcar_idblog1\">\n\t\t\t\t\t\t\t\t\t\t\n\t\t\t\t\t\t<div class=\"witr_all_mb_30   col-md-12 col-xs-12 col-sm-12 \" >\n\t\t\t\t\t\t\t<div id=\"post-6895\" class=\"post-6895 post type-post status-publish format-standard has-post-thumbnail hentry category-allgemein\">\n\t\t\t\t\t\t\t\t<div class=\"busi_singleBlog\">\n\t\t\t\t\t\t\t\t\t<!-- image -->\n\t\t\t\t\t\t\t\t\t\t\t\t\t\t\t\t\t\t<div class=\"witr_sb_thumb\">\n\t\t\t\t\t\t\t\t\t\t<a href=\"https:\/\/kanzlei-schueler.de\/de_de\/haftung-des-handwerkers-fuer-verdeckte-maengel-frueherer-bauleistungen-grenzen-der-pruefpflicht\/\"> <img fetchpriority=\"high\" decoding=\"async\" width=\"390\" height=\"250\" src=\"https:\/\/kanzlei-schueler.de\/wp-content\/uploads\/2021\/10\/blog8-2-390x250.jpg\" class=\"attachment-consalt-blog-default size-consalt-blog-default wp-post-image\" alt=\"\" \/> <\/a>\n\n\t\t\t\t\t\t\t\t\t\t\t\t\t\t\t\t\t\t\t\t\t<div class=\"witr_top_category\">\n\t\t\t\t\t\t\t\t\t\t\t\t<!-- category -->\n\t\t\t\t\t\t\t\t\t\t\t\t<span> <ul class=\"post-categories\">\n\t<li><a href=\"https:\/\/kanzlei-schueler.de\/de_de\/category\/allgemein\/\" rel=\"category tag\">Allgemein<\/a><\/li><\/ul><\/span>\n\t\t\t\t\t\t\t\t\t\t\t<\/div>\n\t\t\t\t\t\t\t\t\t\t\t\n\t\t\t\t\t\t\t\t\t<\/div>\t\n\t\t\t\t\t\t\t\t\t\t\t\t\t\t\t\t\t\t<div class=\"all_blog_color\">\t\n\t\t\t\t\t\t\t\t\t\t<div class=\"witr_blog_con bs5\">\n\t\t\t\t\t\t\t\t\t\t\t<!-- title -->\n\t\t\t\t\t\t\t\t\t\t\t<h2><a href=\"https:\/\/kanzlei-schueler.de\/de_de\/haftung-des-handwerkers-fuer-verdeckte-maengel-frueherer-bauleistungen-grenzen-der-pruefpflicht\/\">Haftung des Handwerkers f\u00fcr verdeckte M\u00e4ngel fr\u00fcherer<\/a><\/h2>\t\n\t\t\t\t\t\t\t\t\t\t\t<div class=\"witr_blog_meta_potion14\">\n\t\t\t\t\t\t\t\t\t\t\t\t<!-- author -->\n\t\t\t\t\t\t\t\t\t\t\t\t\t\t\t\t\t\t\t\t\t\t\n\t\t\t\t\t\t\t\t\t\t\t\t<!--  post meta -->\n\t\t\t\t\t\t\t\t\t\t\t\t\t\t\t\t\t\t\t\t\t\t\t\t\t<!--\t\t\t\t\t\t\t\t\t\t\t\t\t\t<span><a href=\"https:\/\/kanzlei-schueler.de\/de_de\/author\/support\/\"><i class=\"icofont-user-alt-3\"><\/i> support <\/a><\/span>\n\t\t\t\t\t\t\t\t\t\t\t\t\t-->\n\t\t\t\t\t\t\t\t\t\t\t\t\t\t\t\t\t\t\t\t\t\t\t\t\t\t\t\t\t\t\t\t\t\t\t\t\t\t\t\t\n\t\t\t\t\t\t\t\t\t\t\t\t\t\t\t\t\t\t\t\t\t\t\t\t\t<!---->\n\t\t\t\t\t\t\t\t\t\t\t\t\t\t\t\t\t\t\t\t\t\t\t\t\t\t\t<span><a href=\"#\"><i class=\"icofont-ui-clock\"><\/i><\/a> 18 Feb. 2026<\/span>\n\t\t\t\t\t\t\t\t\t\t\t\t\t\t\t\t\t\t\t\t\t\t\t\t\t\t\t\t\t\t\t\t\t\t\t\t\t\t\t\t\n\t\t\t\t\t\t\t\t\t\t\t\t\t\t\t\t\t\t\t\t\t\t\t<\/div>\t\n\n\n\t\t\t\t\t\t\t\t\t\t\t<!-- content -->\n\t\t\t\t\t\t\t\t\t\t\t\t\t\t\t\t\t\t\t\t\t\t\t<p>Die Kl\u00e4ger beauftragten ein Dachdeckerunternehmen mit dem Austausch von Holzbrettern am Ortgang (dem seitlichen Abschluss des Dachs)<\/p>\t\t\t\t\t\t\t\t\t\t\t\t\t\t\t\t\t\t\t\t\t\t\n\t\t\t\t\t\t\t\t\t\t\t\t\t\t\t\t\t\t\t\t\t\t\t<div class=\"learn_more_adn\">\n\t\t\t\t\t\t\t\t\t\t\t\t  <a class=\"learn_btn adnbtn2\" href=\"https:\/\/kanzlei-schueler.de\/de_de\/haftung-des-handwerkers-fuer-verdeckte-maengel-frueherer-bauleistungen-grenzen-der-pruefpflicht\/\">Read More<\/a>\n\t\t\t\t\t\t\t\t\t\t\t\t<\/div>\n\t\t\t\t\t\t\t\t\t\t\t\t\t\t\t\t\t\t\t\t\t\n\t\t\t\t\t\t\t\t\t\t<\/div>\n\t\t\t\t\t\t\t\t\t<\/div>\n\t\t\t\t\t\t\t\t\t\n\t\t\t\t\t\t\t\t<\/div>\n\t\t\t\t\t\t\t<\/div>\n\t\t\t\t\t\t<\/div>\n\t\t\t\t\t\t\t\t\t\t\n\t\t\t\t\t\t<div class=\"witr_all_mb_30   col-md-12 col-xs-12 col-sm-12 \" >\n\t\t\t\t\t\t\t<div id=\"post-6896\" class=\"post-6896 post type-post status-publish format-standard has-post-thumbnail hentry category-allgemein\">\n\t\t\t\t\t\t\t\t<div class=\"busi_singleBlog\">\n\t\t\t\t\t\t\t\t\t<!-- image -->\n\t\t\t\t\t\t\t\t\t\t\t\t\t\t\t\t\t\t<div class=\"witr_sb_thumb\">\n\t\t\t\t\t\t\t\t\t\t<a href=\"https:\/\/kanzlei-schueler.de\/de_de\/resturlaub-nach-todesfall-urlaubsabgeltung-fuer-mehrere-jahre-kann-steuerlich-beguenstigt-sein\/\"> <img decoding=\"async\" width=\"390\" height=\"250\" src=\"https:\/\/kanzlei-schueler.de\/wp-content\/uploads\/2021\/10\/blog7-2-390x250.jpg\" class=\"attachment-consalt-blog-default size-consalt-blog-default wp-post-image\" alt=\"\" \/> <\/a>\n\n\t\t\t\t\t\t\t\t\t\t\t\t\t\t\t\t\t\t\t\t\t<div class=\"witr_top_category\">\n\t\t\t\t\t\t\t\t\t\t\t\t<!-- category -->\n\t\t\t\t\t\t\t\t\t\t\t\t<span> <ul class=\"post-categories\">\n\t<li><a href=\"https:\/\/kanzlei-schueler.de\/de_de\/category\/allgemein\/\" rel=\"category tag\">Allgemein<\/a><\/li><\/ul><\/span>\n\t\t\t\t\t\t\t\t\t\t\t<\/div>\n\t\t\t\t\t\t\t\t\t\t\t\n\t\t\t\t\t\t\t\t\t<\/div>\t\n\t\t\t\t\t\t\t\t\t\t\t\t\t\t\t\t\t\t<div class=\"all_blog_color\">\t\n\t\t\t\t\t\t\t\t\t\t<div class=\"witr_blog_con bs5\">\n\t\t\t\t\t\t\t\t\t\t\t<!-- title -->\n\t\t\t\t\t\t\t\t\t\t\t<h2><a href=\"https:\/\/kanzlei-schueler.de\/de_de\/resturlaub-nach-todesfall-urlaubsabgeltung-fuer-mehrere-jahre-kann-steuerlich-beguenstigt-sein\/\">Resturlaub nach Todesfall: Urlaubsabgeltung f\u00fcr mehrere Jahre<\/a><\/h2>\t\n\t\t\t\t\t\t\t\t\t\t\t<div class=\"witr_blog_meta_potion14\">\n\t\t\t\t\t\t\t\t\t\t\t\t<!-- author -->\n\t\t\t\t\t\t\t\t\t\t\t\t\t\t\t\t\t\t\t\t\t\t\n\t\t\t\t\t\t\t\t\t\t\t\t<!--  post meta -->\n\t\t\t\t\t\t\t\t\t\t\t\t\t\t\t\t\t\t\t\t\t\t\t\t\t<!--\t\t\t\t\t\t\t\t\t\t\t\t\t\t<span><a href=\"https:\/\/kanzlei-schueler.de\/de_de\/author\/support\/\"><i class=\"icofont-user-alt-3\"><\/i> support <\/a><\/span>\n\t\t\t\t\t\t\t\t\t\t\t\t\t-->\n\t\t\t\t\t\t\t\t\t\t\t\t\t\t\t\t\t\t\t\t\t\t\t\t\t\t\t\t\t\t\t\t\t\t\t\t\t\t\t\t\n\t\t\t\t\t\t\t\t\t\t\t\t\t\t\t\t\t\t\t\t\t\t\t\t\t<!---->\n\t\t\t\t\t\t\t\t\t\t\t\t\t\t\t\t\t\t\t\t\t\t\t\t\t\t\t<span><a href=\"#\"><i class=\"icofont-ui-clock\"><\/i><\/a> 17 Feb. 2026<\/span>\n\t\t\t\t\t\t\t\t\t\t\t\t\t\t\t\t\t\t\t\t\t\t\t\t\t\t\t\t\t\t\t\t\t\t\t\t\t\t\t\t\n\t\t\t\t\t\t\t\t\t\t\t\t\t\t\t\t\t\t\t\t\t\t\t<\/div>\t\n\n\n\t\t\t\t\t\t\t\t\t\t\t<!-- content -->\n\t\t\t\t\t\t\t\t\t\t\t\t\t\t\t\t\t\t\t\t\t\t\t<p>Wird nicht genommener Urlaub aus mehreren Jahren nach dem Tod eines Arbeitnehmers einmalig an die Erben ausgezahlt,<\/p>\t\t\t\t\t\t\t\t\t\t\t\t\t\t\t\t\t\t\t\t\t\t\n\t\t\t\t\t\t\t\t\t\t\t\t\t\t\t\t\t\t\t\t\t\t\t<div class=\"learn_more_adn\">\n\t\t\t\t\t\t\t\t\t\t\t\t  <a class=\"learn_btn adnbtn2\" href=\"https:\/\/kanzlei-schueler.de\/de_de\/resturlaub-nach-todesfall-urlaubsabgeltung-fuer-mehrere-jahre-kann-steuerlich-beguenstigt-sein\/\">Read More<\/a>\n\t\t\t\t\t\t\t\t\t\t\t\t<\/div>\n\t\t\t\t\t\t\t\t\t\t\t\t\t\t\t\t\t\t\t\t\t\n\t\t\t\t\t\t\t\t\t\t<\/div>\n\t\t\t\t\t\t\t\t\t<\/div>\n\t\t\t\t\t\t\t\t\t\n\t\t\t\t\t\t\t\t<\/div>\n\t\t\t\t\t\t\t<\/div>\n\t\t\t\t\t\t<\/div>\n\t\t\t\t\t\t\t\t\t\t\n\t\t\t\t\t\t<div class=\"witr_all_mb_30   col-md-12 col-xs-12 col-sm-12 \" >\n\t\t\t\t\t\t\t<div id=\"post-6897\" class=\"post-6897 post type-post status-publish format-standard has-post-thumbnail hentry category-allgemein\">\n\t\t\t\t\t\t\t\t<div class=\"busi_singleBlog\">\n\t\t\t\t\t\t\t\t\t<!-- image -->\n\t\t\t\t\t\t\t\t\t\t\t\t\t\t\t\t\t\t<div class=\"witr_sb_thumb\">\n\t\t\t\t\t\t\t\t\t\t<a href=\"https:\/\/kanzlei-schueler.de\/de_de\/tierhalterhaftung-bei-hunderauferei-und-mitverschulden-der-geschaedigten\/\"> <img decoding=\"async\" width=\"390\" height=\"250\" src=\"https:\/\/kanzlei-schueler.de\/wp-content\/uploads\/2021\/10\/blog6-2-390x250.jpg\" class=\"attachment-consalt-blog-default size-consalt-blog-default wp-post-image\" alt=\"\" \/> <\/a>\n\n\t\t\t\t\t\t\t\t\t\t\t\t\t\t\t\t\t\t\t\t\t<div class=\"witr_top_category\">\n\t\t\t\t\t\t\t\t\t\t\t\t<!-- category -->\n\t\t\t\t\t\t\t\t\t\t\t\t<span> <ul class=\"post-categories\">\n\t<li><a href=\"https:\/\/kanzlei-schueler.de\/de_de\/category\/allgemein\/\" rel=\"category tag\">Allgemein<\/a><\/li><\/ul><\/span>\n\t\t\t\t\t\t\t\t\t\t\t<\/div>\n\t\t\t\t\t\t\t\t\t\t\t\n\t\t\t\t\t\t\t\t\t<\/div>\t\n\t\t\t\t\t\t\t\t\t\t\t\t\t\t\t\t\t\t<div class=\"all_blog_color\">\t\n\t\t\t\t\t\t\t\t\t\t<div class=\"witr_blog_con bs5\">\n\t\t\t\t\t\t\t\t\t\t\t<!-- title -->\n\t\t\t\t\t\t\t\t\t\t\t<h2><a href=\"https:\/\/kanzlei-schueler.de\/de_de\/tierhalterhaftung-bei-hunderauferei-und-mitverschulden-der-geschaedigten\/\">Tierhalterhaftung bei Hunde\u00adrauferei und Mitverschulden der Gesch\u00e4digten<\/a><\/h2>\t\n\t\t\t\t\t\t\t\t\t\t\t<div class=\"witr_blog_meta_potion14\">\n\t\t\t\t\t\t\t\t\t\t\t\t<!-- author -->\n\t\t\t\t\t\t\t\t\t\t\t\t\t\t\t\t\t\t\t\t\t\t\n\t\t\t\t\t\t\t\t\t\t\t\t<!--  post meta -->\n\t\t\t\t\t\t\t\t\t\t\t\t\t\t\t\t\t\t\t\t\t\t\t\t\t<!--\t\t\t\t\t\t\t\t\t\t\t\t\t\t<span><a href=\"https:\/\/kanzlei-schueler.de\/de_de\/author\/support\/\"><i class=\"icofont-user-alt-3\"><\/i> support <\/a><\/span>\n\t\t\t\t\t\t\t\t\t\t\t\t\t-->\n\t\t\t\t\t\t\t\t\t\t\t\t\t\t\t\t\t\t\t\t\t\t\t\t\t\t\t\t\t\t\t\t\t\t\t\t\t\t\t\t\n\t\t\t\t\t\t\t\t\t\t\t\t\t\t\t\t\t\t\t\t\t\t\t\t\t<!---->\n\t\t\t\t\t\t\t\t\t\t\t\t\t\t\t\t\t\t\t\t\t\t\t\t\t\t\t<span><a href=\"#\"><i class=\"icofont-ui-clock\"><\/i><\/a> 16 Feb. 2026<\/span>\n\t\t\t\t\t\t\t\t\t\t\t\t\t\t\t\t\t\t\t\t\t\t\t\t\t\t\t\t\t\t\t\t\t\t\t\t\t\t\t\t\n\t\t\t\t\t\t\t\t\t\t\t\t\t\t\t\t\t\t\t\t\t\t\t<\/div>\t\n\n\n\t\t\t\t\t\t\t\t\t\t\t<!-- content -->\n\t\t\t\t\t\t\t\t\t\t\t\t\t\t\t\t\t\t\t\t\t\t\t<p>ommt es zu einer Auseinandersetzung zwischen mehreren Hunden, bei der eine Hundehalterin beim Trennungsversuch verletzt wird, haftet<\/p>\t\t\t\t\t\t\t\t\t\t\t\t\t\t\t\t\t\t\t\t\t\t\n\t\t\t\t\t\t\t\t\t\t\t\t\t\t\t\t\t\t\t\t\t\t\t<div class=\"learn_more_adn\">\n\t\t\t\t\t\t\t\t\t\t\t\t  <a class=\"learn_btn adnbtn2\" href=\"https:\/\/kanzlei-schueler.de\/de_de\/tierhalterhaftung-bei-hunderauferei-und-mitverschulden-der-geschaedigten\/\">Read More<\/a>\n\t\t\t\t\t\t\t\t\t\t\t\t<\/div>\n\t\t\t\t\t\t\t\t\t\t\t\t\t\t\t\t\t\t\t\t\t\n\t\t\t\t\t\t\t\t\t\t<\/div>\n\t\t\t\t\t\t\t\t\t<\/div>\n\t\t\t\t\t\t\t\t\t\n\t\t\t\t\t\t\t\t<\/div>\n\t\t\t\t\t\t\t<\/div>\n\t\t\t\t\t\t<\/div>\n\t\t\t\t\t\t\n\t\t\t\t\t\t\t\t\t\t\t\n\t\t\t\t<\/div>\n\t\t\t<\/div>\n\t\t\t<!-- Blog Section -->\t\t<script type='text\/javascript'>\r\n\t\t\tjQuery(function($){\t\t\t\t\r\n\t\t\t\tvar witrbslick = $('.blogcar_idblog1');\t\t\t\t\r\n\t\t\t\tif(witrbslick.length > 0){\r\n\t\t\t\twitrbslick.slick({\r\n\t\t\t\t\tinfinite: true,\r\n\t\t\t\t\tautoplay: true,\r\n\t\t\t\t\tautoplaySpeed: 6000,\r\n\t\t\t\t\tspeed: 1000,\t\t\t\t\t\r\n\t\t\t\t\tslidesToShow: 3,\r\n\t\t\t\t\tslidesToScroll: 1,\r\n\t\t\t\t\t\t\t\t\t\tarrows: false,\r\n\t\t\t\t\tdots: false,\r\n\t\t\t\t\tresponsive: [\r\n\t\t\t\t\t\t{\r\n\t\t\t\t\t\t\tbreakpoint: 1200,\r\n\t\t\t\t\t\t\tsettings: {\r\n\t\t\t\t\t\t\t\tslidesToShow: 3,\r\n\t\t\t\t\t\t\t\tslidesToScroll: 1,\r\n\t\t\t\t\t\t\t}\r\n\t\t\t\t\t},\r\n\t\t\t\t\t\t{\r\n\t\t\t\t\t\t\tbreakpoint: 992,\r\n\t\t\t\t\t\t\tsettings: {\r\n\t\t\t\t\t\t\t\tslidesToShow: 2,\r\n\t\t\t\t\t\t\t\tslidesToScroll: 1,\r\n\t\t\t\t\t\t\t}\r\n\t\t\t\t\t},\r\n\t\t\t\t\t\t{\r\n\t\t\t\t\t\t\tbreakpoint: 767,\r\n\t\t\t\t\t\t\tsettings: {\r\n\t\t\t\t\t\t\t\tslidesToShow: 1,\r\n\t\t\t\t\t\t\t\tslidesToScroll: 1,\r\n\t\t\t\t\t\t\t}\r\n\t\t\t\t\t}\r\n\t\t\t\t\t]\r\n\t\t\t\t});\r\n\t\t\t}\r\n\r\n\t\t\t});\r\n\t\t<\/script>\t\t\t\t\t<\/div>\n\t\t\t\t<\/div>\n\t\t\t\t\t<\/div>\n\t\t<\/div>\n\t\t\t\t\t<\/div>\n\t\t<\/section>\n\t\t\t\t\t<\/div>\n\t\t<\/div>\n\t\t\t\t\t<\/div>\n\t\t<\/section>\n\t\t\t\t<\/div>\n\t\t","protected":false},"excerpt":{"rendered":"<p>Our Blog &amp; Event News &amp; Articles May 12, 2021 Short loin shankle meat on ball tongue consalt 01 Jan 2021 Our offices are located on the traditi group , unced. photo booth stum on town to banks, Read More May 12, 2021 Default Interest Rate in The Smal Loans consalt 01 Jan 2021 Our [&hellip;]<\/p>\n","protected":false},"author":1,"featured_media":0,"parent":0,"menu_order":0,"comment_status":"closed","ping_status":"closed","template":"template-blog-right-2column.php","meta":{"footnotes":""},"class_list":["post-422","page","type-page","status-publish","hentry"],"yoast_head":"<!-- This site is optimized with the Yoast SEO plugin v27.3 - https:\/\/yoast.com\/product\/yoast-seo-wordpress\/ -->\n<title>Infothek - Kanzlei Sch\u00fcler in Gro\u00df-Gerau | Startseite<\/title>\n<meta name=\"robots\" content=\"index, follow, max-snippet:-1, max-image-preview:large, max-video-preview:-1\" \/>\n<link rel=\"canonical\" href=\"https:\/\/kanzlei-schueler.de\/de_de\/infothek\/\" \/>\n<meta property=\"og:locale\" content=\"de_DE\" \/>\n<meta property=\"og:type\" content=\"article\" \/>\n<meta property=\"og:title\" content=\"Infothek - Kanzlei Sch\u00fcler in Gro\u00df-Gerau | Startseite\" \/>\n<meta property=\"og:description\" content=\"Our Blog &amp; Event News &amp; Articles May 12, 2021 Short loin shankle meat on ball tongue consalt 01 Jan 2021 Our offices are located on the traditi group , unced. photo booth stum on town to banks, Read More May 12, 2021 Default Interest Rate in The Smal Loans consalt 01 Jan 2021 Our [&hellip;]\" \/>\n<meta property=\"og:url\" content=\"https:\/\/kanzlei-schueler.de\/de_de\/infothek\/\" \/>\n<meta property=\"og:site_name\" content=\"Kanzlei Sch\u00fcler in Gro\u00df-Gerau | Startseite\" \/>\n<meta property=\"article:modified_time\" content=\"2026-02-15T03:22:12+00:00\" \/>\n<meta property=\"og:image\" content=\"https:\/\/demo.themexbd.com\/wpi\/consalt\/wp-content\/uploads\/2021\/10\/blog1-390x350.jpg\" \/>\n<meta name=\"twitter:card\" content=\"summary_large_image\" \/>\n<script type=\"application\/ld+json\" class=\"yoast-schema-graph\">{\"@context\":\"https:\\\/\\\/schema.org\",\"@graph\":[{\"@type\":\"WebPage\",\"@id\":\"https:\\\/\\\/kanzlei-schueler.de\\\/infothek\\\/\",\"url\":\"https:\\\/\\\/kanzlei-schueler.de\\\/infothek\\\/\",\"name\":\"Infothek - Kanzlei Sch\u00fcler in Gro\u00df-Gerau | Startseite\",\"isPartOf\":{\"@id\":\"https:\\\/\\\/kanzlei-schueler.de\\\/de_de\\\/#website\"},\"primaryImageOfPage\":{\"@id\":\"https:\\\/\\\/kanzlei-schueler.de\\\/infothek\\\/#primaryimage\"},\"image\":{\"@id\":\"https:\\\/\\\/kanzlei-schueler.de\\\/infothek\\\/#primaryimage\"},\"thumbnailUrl\":\"https:\\\/\\\/demo.themexbd.com\\\/wpi\\\/consalt\\\/wp-content\\\/uploads\\\/2021\\\/10\\\/blog1-390x350.jpg\",\"datePublished\":\"2020-06-10T18:10:31+00:00\",\"dateModified\":\"2026-02-15T03:22:12+00:00\",\"breadcrumb\":{\"@id\":\"https:\\\/\\\/kanzlei-schueler.de\\\/infothek\\\/#breadcrumb\"},\"inLanguage\":\"de\",\"potentialAction\":[{\"@type\":\"ReadAction\",\"target\":[\"https:\\\/\\\/kanzlei-schueler.de\\\/infothek\\\/\"]}]},{\"@type\":\"ImageObject\",\"inLanguage\":\"de\",\"@id\":\"https:\\\/\\\/kanzlei-schueler.de\\\/infothek\\\/#primaryimage\",\"url\":\"https:\\\/\\\/demo.themexbd.com\\\/wpi\\\/consalt\\\/wp-content\\\/uploads\\\/2021\\\/10\\\/blog1-390x350.jpg\",\"contentUrl\":\"https:\\\/\\\/demo.themexbd.com\\\/wpi\\\/consalt\\\/wp-content\\\/uploads\\\/2021\\\/10\\\/blog1-390x350.jpg\"},{\"@type\":\"BreadcrumbList\",\"@id\":\"https:\\\/\\\/kanzlei-schueler.de\\\/infothek\\\/#breadcrumb\",\"itemListElement\":[{\"@type\":\"ListItem\",\"position\":1,\"name\":\"Start\",\"item\":\"https:\\\/\\\/kanzlei-schueler.de\\\/de_de\\\/\"},{\"@type\":\"ListItem\",\"position\":2,\"name\":\"Infothek\"}]},{\"@type\":\"WebSite\",\"@id\":\"https:\\\/\\\/kanzlei-schueler.de\\\/de_de\\\/#website\",\"url\":\"https:\\\/\\\/kanzlei-schueler.de\\\/de_de\\\/\",\"name\":\"Kanzlei Sch\u00fcler in Gro\u00df-Gerau | Startseite\",\"description\":\"\",\"potentialAction\":[{\"@type\":\"SearchAction\",\"target\":{\"@type\":\"EntryPoint\",\"urlTemplate\":\"https:\\\/\\\/kanzlei-schueler.de\\\/de_de\\\/?s={search_term_string}\"},\"query-input\":{\"@type\":\"PropertyValueSpecification\",\"valueRequired\":true,\"valueName\":\"search_term_string\"}}],\"inLanguage\":\"de\"}]}<\/script>\n<!-- \/ Yoast SEO plugin. -->","yoast_head_json":{"title":"Infothek - Kanzlei Sch\u00fcler in Gro\u00df-Gerau | Startseite","robots":{"index":"index","follow":"follow","max-snippet":"max-snippet:-1","max-image-preview":"max-image-preview:large","max-video-preview":"max-video-preview:-1"},"canonical":"https:\/\/kanzlei-schueler.de\/de_de\/infothek\/","og_locale":"de_DE","og_type":"article","og_title":"Infothek - Kanzlei Sch\u00fcler in Gro\u00df-Gerau | Startseite","og_description":"Our Blog &amp; Event News &amp; Articles May 12, 2021 Short loin shankle meat on ball tongue consalt 01 Jan 2021 Our offices are located on the traditi group , unced. photo booth stum on town to banks, Read More May 12, 2021 Default Interest Rate in The Smal Loans consalt 01 Jan 2021 Our [&hellip;]","og_url":"https:\/\/kanzlei-schueler.de\/de_de\/infothek\/","og_site_name":"Kanzlei Sch\u00fcler in Gro\u00df-Gerau | Startseite","article_modified_time":"2026-02-15T03:22:12+00:00","og_image":[{"url":"https:\/\/demo.themexbd.com\/wpi\/consalt\/wp-content\/uploads\/2021\/10\/blog1-390x350.jpg","type":"","width":"","height":""}],"twitter_card":"summary_large_image","schema":{"@context":"https:\/\/schema.org","@graph":[{"@type":"WebPage","@id":"https:\/\/kanzlei-schueler.de\/infothek\/","url":"https:\/\/kanzlei-schueler.de\/infothek\/","name":"Infothek - Kanzlei Sch\u00fcler in Gro\u00df-Gerau | Startseite","isPartOf":{"@id":"https:\/\/kanzlei-schueler.de\/de_de\/#website"},"primaryImageOfPage":{"@id":"https:\/\/kanzlei-schueler.de\/infothek\/#primaryimage"},"image":{"@id":"https:\/\/kanzlei-schueler.de\/infothek\/#primaryimage"},"thumbnailUrl":"https:\/\/demo.themexbd.com\/wpi\/consalt\/wp-content\/uploads\/2021\/10\/blog1-390x350.jpg","datePublished":"2020-06-10T18:10:31+00:00","dateModified":"2026-02-15T03:22:12+00:00","breadcrumb":{"@id":"https:\/\/kanzlei-schueler.de\/infothek\/#breadcrumb"},"inLanguage":"de","potentialAction":[{"@type":"ReadAction","target":["https:\/\/kanzlei-schueler.de\/infothek\/"]}]},{"@type":"ImageObject","inLanguage":"de","@id":"https:\/\/kanzlei-schueler.de\/infothek\/#primaryimage","url":"https:\/\/demo.themexbd.com\/wpi\/consalt\/wp-content\/uploads\/2021\/10\/blog1-390x350.jpg","contentUrl":"https:\/\/demo.themexbd.com\/wpi\/consalt\/wp-content\/uploads\/2021\/10\/blog1-390x350.jpg"},{"@type":"BreadcrumbList","@id":"https:\/\/kanzlei-schueler.de\/infothek\/#breadcrumb","itemListElement":[{"@type":"ListItem","position":1,"name":"Start","item":"https:\/\/kanzlei-schueler.de\/de_de\/"},{"@type":"ListItem","position":2,"name":"Infothek"}]},{"@type":"WebSite","@id":"https:\/\/kanzlei-schueler.de\/de_de\/#website","url":"https:\/\/kanzlei-schueler.de\/de_de\/","name":"Kanzlei Sch\u00fcler in Gro\u00df-Gerau | Startseite","description":"","potentialAction":[{"@type":"SearchAction","target":{"@type":"EntryPoint","urlTemplate":"https:\/\/kanzlei-schueler.de\/de_de\/?s={search_term_string}"},"query-input":{"@type":"PropertyValueSpecification","valueRequired":true,"valueName":"search_term_string"}}],"inLanguage":"de"}]}},"_links":{"self":[{"href":"https:\/\/kanzlei-schueler.de\/de_de\/wp-json\/wp\/v2\/pages\/422","targetHints":{"allow":["GET"]}}],"collection":[{"href":"https:\/\/kanzlei-schueler.de\/de_de\/wp-json\/wp\/v2\/pages"}],"about":[{"href":"https:\/\/kanzlei-schueler.de\/de_de\/wp-json\/wp\/v2\/types\/page"}],"author":[{"embeddable":true,"href":"https:\/\/kanzlei-schueler.de\/de_de\/wp-json\/wp\/v2\/users\/1"}],"replies":[{"embeddable":true,"href":"https:\/\/kanzlei-schueler.de\/de_de\/wp-json\/wp\/v2\/comments?post=422"}],"version-history":[{"count":0,"href":"https:\/\/kanzlei-schueler.de\/de_de\/wp-json\/wp\/v2\/pages\/422\/revisions"}],"wp:attachment":[{"href":"https:\/\/kanzlei-schueler.de\/de_de\/wp-json\/wp\/v2\/media?parent=422"}],"curies":[{"name":"wp","href":"https:\/\/api.w.org\/{rel}","templated":true}]}}